{"id":24,"date":"2017-03-16T11:49:11","date_gmt":"2017-03-16T10:49:11","guid":{"rendered":"http:\/\/diems.dk\/wp\/?page_id=24"},"modified":"2017-04-13T15:31:46","modified_gmt":"2017-04-13T13:31:46","slug":"manicure-pedicure","status":"publish","type":"page","link":"http:\/\/diems.dk\/wp\/manicure-pedicure\/","title":{"rendered":"Manicure &#038; Pedicure"},"content":{"rendered":"<p class=\"p1\"><strong><span class=\"s1\">Manicure \u00a0250 kr.<img loading=\"lazy\" decoding=\"async\" class=\"size-medium wp-image-349 alignright\" src=\"http:\/\/diems.dk\/wp\/wp-content\/uploads\/2017\/04\/chrome1-300x218.jpeg\" alt=\"\" width=\"300\" height=\"218\" srcset=\"http:\/\/diems.dk\/wp\/wp-content\/uploads\/2017\/04\/chrome1-300x218.jpeg 300w, http:\/\/diems.dk\/wp\/wp-content\/uploads\/2017\/04\/chrome1.jpeg 371w\" sizes=\"auto, (max-width: 300px) 100vw, 300px\" \/><\/span><\/strong><\/p>\n<ul class=\"ul1\">\n<li class=\"li1\"><span class=\"s1\">File negle<\/span><\/li>\n<li class=\"li1\"><span class=\"s1\">Skubbe negleb\u00e5nd ned<\/span><\/li>\n<li class=\"li1\"><span class=\"s1\">Polering<\/span><\/li>\n<li class=\"li1\"><span class=\"s1\">P\u00e5f\u00f8ring af Bio Sculture cream eller oil<\/span><\/li>\n<\/ul>\n<p class=\"p1\"><strong><span class=\"s1\">Spa manicure \u00a0350 kr.<\/span><\/strong><\/p>\n<p class=\"p1\"><span class=\"s1\">Indeholder det samme som alm manicure +<\/span><\/p>\n<ul class=\"ul1\">\n<li class=\"li1\"><span class=\"s1\">Peeling<\/span><\/li>\n<li class=\"li1\"><span class=\"s1\">Maske<\/span><\/li>\n<li class=\"li1\"><span class=\"s1\">Massage af h\u00e5nd og arm<\/span><\/li>\n<\/ul>\n<p class=\"p1\"><span class=\"s1\">Pedicure behandles ligesom manicure.<\/span><\/p>\n<p class=\"p1\"><span class=\"s1\">Manicure og pedicure behandles med professionale Bio Sculpture produkter.\u00a0<\/span><\/p>\n<p class=\"p1\"><span class=\"s1\">Det er Nartur og Free Toluene.<\/span><\/p>\n<p class=\"p1\"><span class=\"s1\">Produkterne bruges i salonen og kan ogs\u00e5 bruges hjemme.<\/span><\/p>\n<p class=\"p3\"><span class=\"s3\">De kan k\u00f8bes i salonen.<\/span><\/p>\n","protected":false},"excerpt":{"rendered":"<p>Manicure \u00a0250 kr. File negle Skubbe negleb\u00e5nd ned Polering P\u00e5f\u00f8ring af Bio Sculture cream eller oil Spa manicure \u00a0350 kr. Indeholder det samme som alm manicure + Peeling Maske Massage af h\u00e5nd og arm Pedicure behandles ligesom manicure. Manicure og pedicure behandles med professionale Bio Sculpture produkter.\u00a0 Det er Nartur og Free Toluene. Produkterne bruges [&hellip;]<\/p>\n","protected":false},"author":1,"featured_media":0,"parent":0,"menu_order":0,"comment_status":"closed","ping_status":"closed","template":"","meta":{"footnotes":""},"class_list":["post-24","page","type-page","status-publish","hentry"],"_links":{"self":[{"href":"http:\/\/diems.dk\/wp\/wp-json\/wp\/v2\/pages\/24","targetHints":{"allow":["GET"]}}],"collection":[{"href":"http:\/\/diems.dk\/wp\/wp-json\/wp\/v2\/pages"}],"about":[{"href":"http:\/\/diems.dk\/wp\/wp-json\/wp\/v2\/types\/page"}],"author":[{"embeddable":true,"href":"http:\/\/diems.dk\/wp\/wp-json\/wp\/v2\/users\/1"}],"replies":[{"embeddable":true,"href":"http:\/\/diems.dk\/wp\/wp-json\/wp\/v2\/comments?post=24"}],"version-history":[{"count":2,"href":"http:\/\/diems.dk\/wp\/wp-json\/wp\/v2\/pages\/24\/revisions"}],"predecessor-version":[{"id":356,"href":"http:\/\/diems.dk\/wp\/wp-json\/wp\/v2\/pages\/24\/revisions\/356"}],"wp:attachment":[{"href":"http:\/\/diems.dk\/wp\/wp-json\/wp\/v2\/media?parent=24"}],"curies":[{"name":"wp","href":"https:\/\/api.w.org\/{rel}","templated":true}]}}